{"id":77,"date":"2025-04-24T16:57:13","date_gmt":"2025-04-24T19:57:13","guid":{"rendered":"https:\/\/steelblock.co\/?page_id=77"},"modified":"2025-06-19T15:11:06","modified_gmt":"2025-06-19T18:11:06","slug":"news","status":"publish","type":"page","link":"https:\/\/steelblock.co\/es\/news\/","title":{"rendered":"Noticias"},"content":{"rendered":"<div data-elementor-type=\"wp-page\" data-elementor-id=\"77\" class=\"elementor elementor-77\" data-elementor-post-type=\"page\">\n\t\t\t\t<div class=\"elementor-element elementor-element-904fadb e-flex e-con-boxed e-con e-parent\" data-id=\"904fadb\" data-element_type=\"container\" data-settings=\"{&quot;background_background&quot;:&quot;classic&quot;}\">\n\t\t\t\t\t<div class=\"e-con-inner\">\n\t\t\t\t<div class=\"elementor-element elementor-element-3204952 elementor-widget elementor-widget-spacer\" data-id=\"3204952\" data-element_type=\"widget\" data-widget_type=\"spacer.default\">\n\t\t\t\t<div class=\"elementor-widget-container\">\n\t\t\t\t\t\t\t<div class=\"elementor-spacer\">\n\t\t\t<div class=\"elementor-spacer-inner\"><\/div>\n\t\t<\/div>\n\t\t\t\t\t\t<\/div>\n\t\t\t\t<\/div>\n\t\t\t\t<div class=\"elementor-element elementor-element-0898a26 elementor-widget elementor-widget-heading\" data-id=\"0898a26\" data-element_type=\"widget\" data-widget_type=\"heading.default\">\n\t\t\t\t<div class=\"elementor-widget-container\">\n\t\t\t\t\t<h2 class=\"elementor-heading-title elementor-size-default\">Noticias<\/h2>\t\t\t\t<\/div>\n\t\t\t\t<\/div>\n\t\t\t\t\t<\/div>\n\t\t\t\t<\/div>\n\t\t<div class=\"elementor-element elementor-element-b7e0174 e-flex e-con-boxed e-con e-parent\" data-id=\"b7e0174\" data-element_type=\"container\" data-settings=\"{&quot;background_background&quot;:&quot;classic&quot;}\">\n\t\t\t\t\t<div class=\"e-con-inner\">\n\t\t\t\t<div class=\"elementor-element elementor-element-306b9e0 elementor-widget elementor-widget-spacer\" data-id=\"306b9e0\" data-element_type=\"widget\" data-widget_type=\"spacer.default\">\n\t\t\t\t<div class=\"elementor-widget-container\">\n\t\t\t\t\t\t\t<div class=\"elementor-spacer\">\n\t\t\t<div class=\"elementor-spacer-inner\"><\/div>\n\t\t<\/div>\n\t\t\t\t\t\t<\/div>\n\t\t\t\t<\/div>\n\t\t\t\t<div class=\"elementor-element elementor-element-544776c elementor-posts--align-left elementor-grid-3 elementor-grid-tablet-2 elementor-grid-mobile-1 elementor-posts--thumbnail-top elementor-posts__hover-gradient elementor-widget elementor-widget-posts\" data-id=\"544776c\" data-element_type=\"widget\" data-settings=\"{&quot;cards_row_gap&quot;:{&quot;unit&quot;:&quot;px&quot;,&quot;size&quot;:9,&quot;sizes&quot;:[]},&quot;cards_row_gap_mobile&quot;:{&quot;unit&quot;:&quot;px&quot;,&quot;size&quot;:15,&quot;sizes&quot;:[]},&quot;_animation&quot;:&quot;none&quot;,&quot;cards_columns&quot;:&quot;3&quot;,&quot;cards_columns_tablet&quot;:&quot;2&quot;,&quot;cards_columns_mobile&quot;:&quot;1&quot;,&quot;cards_row_gap_tablet&quot;:{&quot;unit&quot;:&quot;px&quot;,&quot;size&quot;:&quot;&quot;,&quot;sizes&quot;:[]}}\" data-widget_type=\"posts.cards\">\n\t\t\t\t<div class=\"elementor-widget-container\">\n\t\t\t\t\t\t\t<div class=\"elementor-posts-container elementor-posts elementor-posts--skin-cards elementor-grid\" role=\"list\">\n\t\t\t\t<article class=\"elementor-post elementor-grid-item post-2068 post type-post status-publish format-standard has-post-thumbnail hentry category-news\" role=\"listitem\">\n\t\t\t<div class=\"elementor-post__card\">\n\t\t\t\t<a class=\"elementor-post__thumbnail__link\" href=\"https:\/\/steelblock.co\/es\/more-than-a-dozen-autonomous-vehicles-to-hit-downtown-jacksonville-streets-in-2025\/\" tabindex=\"-1\" ><div class=\"elementor-post__thumbnail\"><img fetchpriority=\"high\" decoding=\"async\" width=\"300\" height=\"169\" src=\"https:\/\/steelblock.co\/wp-content\/uploads\/2025\/06\/Screenshot-2025-06-06-at-3.03.52\u202fPM-300x169.png\" class=\"attachment-medium size-medium wp-image-2069\" alt=\"\" srcset=\"https:\/\/steelblock.co\/wp-content\/uploads\/2025\/06\/Screenshot-2025-06-06-at-3.03.52\u202fPM-300x169.png 300w, https:\/\/steelblock.co\/wp-content\/uploads\/2025\/06\/Screenshot-2025-06-06-at-3.03.52\u202fPM-1024x576.png 1024w, https:\/\/steelblock.co\/wp-content\/uploads\/2025\/06\/Screenshot-2025-06-06-at-3.03.52\u202fPM-768x432.png 768w, https:\/\/steelblock.co\/wp-content\/uploads\/2025\/06\/Screenshot-2025-06-06-at-3.03.52\u202fPM.png 1304w\" sizes=\"(max-width: 300px) 100vw, 300px\" \/><\/div><\/a>\n\t\t\t\t<div class=\"elementor-post__text\">\n\t\t\t\t<h1 class=\"elementor-post__title\">\n\t\t\t<a href=\"https:\/\/steelblock.co\/es\/more-than-a-dozen-autonomous-vehicles-to-hit-downtown-jacksonville-streets-in-2025\/\" >\n\t\t\t\tM\u00e1s de una docena de veh\u00edculos aut\u00f3nomos recorrer\u00e1n las calles del centro de Jacksonville en 2025\t\t\t<\/a>\n\t\t<\/h1>\n\t\t\t\t<div class=\"elementor-post__excerpt\">\n\t\t\t<p>La Autoridad de Transporte de Jacksonville (JTA) ha presentado los veh\u00edculos aut\u00f3nomos que planea implementar en el centro de la ciudad en 2025.<\/p>\t\t<\/div>\n\t\t\t\t\t<div class=\"elementor-post__read-more-wrapper\">\n\t\t\n\t\t<a class=\"elementor-post__read-more\" href=\"https:\/\/steelblock.co\/es\/more-than-a-dozen-autonomous-vehicles-to-hit-downtown-jacksonville-streets-in-2025\/\" aria-label=\"Read more about More Than a Dozen Autonomous Vehicles to Hit Downtown Jacksonville Streets in 2025\" tabindex=\"-1\" >\n\t\t\tLeer M\u00e1s\t\t<\/a>\n\n\t\t\t\t\t<\/div>\n\t\t\t\t<\/div>\n\t\t\t\t<div class=\"elementor-post__meta-data\">\n\t\t\t\t\t<span class=\"elementor-post-date\">\n\t\t\t6 de junio 2025\t\t<\/span>\n\t\t\t\t<\/div>\n\t\t\t\t\t<\/div>\n\t\t<\/article>\n\t\t\t\t<article class=\"elementor-post elementor-grid-item post-2065 post type-post status-publish format-standard has-post-thumbnail hentry category-news\" role=\"listitem\">\n\t\t\t<div class=\"elementor-post__card\">\n\t\t\t\t<a class=\"elementor-post__thumbnail__link\" href=\"https:\/\/steelblock.co\/es\/apple-expands-in-south-florida-betting-on-miamis-emerging-tech-hub\/\" tabindex=\"-1\" ><div class=\"elementor-post__thumbnail\"><img decoding=\"async\" width=\"300\" height=\"170\" src=\"https:\/\/steelblock.co\/wp-content\/uploads\/2025\/06\/Screenshot-2025-06-06-at-3.02.20\u202fPM-300x170.png\" class=\"attachment-medium size-medium wp-image-2066\" alt=\"\" srcset=\"https:\/\/steelblock.co\/wp-content\/uploads\/2025\/06\/Screenshot-2025-06-06-at-3.02.20\u202fPM-300x170.png 300w, https:\/\/steelblock.co\/wp-content\/uploads\/2025\/06\/Screenshot-2025-06-06-at-3.02.20\u202fPM-1024x580.png 1024w, https:\/\/steelblock.co\/wp-content\/uploads\/2025\/06\/Screenshot-2025-06-06-at-3.02.20\u202fPM-768x435.png 768w, https:\/\/steelblock.co\/wp-content\/uploads\/2025\/06\/Screenshot-2025-06-06-at-3.02.20\u202fPM.png 1296w\" sizes=\"(max-width: 300px) 100vw, 300px\" \/><\/div><\/a>\n\t\t\t\t<div class=\"elementor-post__text\">\n\t\t\t\t<h1 class=\"elementor-post__title\">\n\t\t\t<a href=\"https:\/\/steelblock.co\/es\/apple-expands-in-south-florida-betting-on-miamis-emerging-tech-hub\/\" >\n\t\t\t\tApple se expande en el sur de Florida, apostando por el emergente centro tecnol\u00f3gico de Miami\t\t\t<\/a>\n\t\t<\/h1>\n\t\t\t\t<div class=\"elementor-post__excerpt\">\n\t\t\t<p>Apple est\u00e1 ampliando significativamente su presencia en Miami con nuevas oficinas en The Plaza Coral Gables y una tienda insignia en Miami Worldcenter<\/p>\t\t<\/div>\n\t\t\t\t\t<div class=\"elementor-post__read-more-wrapper\">\n\t\t\n\t\t<a class=\"elementor-post__read-more\" href=\"https:\/\/steelblock.co\/es\/apple-expands-in-south-florida-betting-on-miamis-emerging-tech-hub\/\" aria-label=\"Read more about Apple Expands in South Florida, Betting on Miami\u2019s Emerging Tech Hub\" tabindex=\"-1\" >\n\t\t\tLeer M\u00e1s\t\t<\/a>\n\n\t\t\t\t\t<\/div>\n\t\t\t\t<\/div>\n\t\t\t\t<div class=\"elementor-post__meta-data\">\n\t\t\t\t\t<span class=\"elementor-post-date\">\n\t\t\t6 de junio 2025\t\t<\/span>\n\t\t\t\t<\/div>\n\t\t\t\t\t<\/div>\n\t\t<\/article>\n\t\t\t\t<article class=\"elementor-post elementor-grid-item post-2062 post type-post status-publish format-standard has-post-thumbnail hentry category-news\" role=\"listitem\">\n\t\t\t<div class=\"elementor-post__card\">\n\t\t\t\t<a class=\"elementor-post__thumbnail__link\" href=\"https:\/\/steelblock.co\/es\/construction-on-i-95-i-395-and-sr-836-is-causing-detours-across-miami-but-how-long-will-the-work-last\/\" tabindex=\"-1\" ><div class=\"elementor-post__thumbnail\"><img decoding=\"async\" width=\"300\" height=\"168\" src=\"https:\/\/steelblock.co\/wp-content\/uploads\/2025\/06\/Screenshot-2025-06-06-at-3.00.16\u202fPM-300x168.png\" class=\"attachment-medium size-medium wp-image-2063\" alt=\"\" srcset=\"https:\/\/steelblock.co\/wp-content\/uploads\/2025\/06\/Screenshot-2025-06-06-at-3.00.16\u202fPM-300x168.png 300w, https:\/\/steelblock.co\/wp-content\/uploads\/2025\/06\/Screenshot-2025-06-06-at-3.00.16\u202fPM-1024x573.png 1024w, https:\/\/steelblock.co\/wp-content\/uploads\/2025\/06\/Screenshot-2025-06-06-at-3.00.16\u202fPM-768x430.png 768w, https:\/\/steelblock.co\/wp-content\/uploads\/2025\/06\/Screenshot-2025-06-06-at-3.00.16\u202fPM.png 1316w\" sizes=\"(max-width: 300px) 100vw, 300px\" \/><\/div><\/a>\n\t\t\t\t<div class=\"elementor-post__text\">\n\t\t\t\t<h1 class=\"elementor-post__title\">\n\t\t\t<a href=\"https:\/\/steelblock.co\/es\/construction-on-i-95-i-395-and-sr-836-is-causing-detours-across-miami-but-how-long-will-the-work-last\/\" >\n\t\t\t\tLas construcciones en la I-95, I-395 y SR 836 est\u00e1n causando desv\u00edos en todo Miami.\t\t\t<\/a>\n\t\t<\/h1>\n\t\t\t\t<div class=\"elementor-post__excerpt\">\n\t\t\t<p>Pero \u00bfcu\u00e1nto durar\u00e1 la obra? Ya hemos hablado del proyecto de 840 millones de d\u00f3lares destinado a mejorar el flujo de tr\u00e1fico mediante la ampliaci\u00f3n de rutas clave, pero \u00bfcu\u00e1ndo estar\u00e1 terminado?<\/p>\n\t\t<\/div>\n\t\t\t\t\t<div class=\"elementor-post__read-more-wrapper\">\n\t\t\n\t\t<a class=\"elementor-post__read-more\" href=\"https:\/\/steelblock.co\/es\/construction-on-i-95-i-395-and-sr-836-is-causing-detours-across-miami-but-how-long-will-the-work-last\/\" aria-label=\"Read more about Construction on I-95, I-395, and SR 836 is causing detours across Miami.\" tabindex=\"-1\" >\n\t\t\tLeer M\u00e1s\t\t<\/a>\n\n\t\t\t\t\t<\/div>\n\t\t\t\t<\/div>\n\t\t\t\t<div class=\"elementor-post__meta-data\">\n\t\t\t\t\t<span class=\"elementor-post-date\">\n\t\t\t6 de junio 2025\t\t<\/span>\n\t\t\t\t<\/div>\n\t\t\t\t\t<\/div>\n\t\t<\/article>\n\t\t\t\t<article class=\"elementor-post elementor-grid-item post-2059 post type-post status-publish format-standard has-post-thumbnail hentry category-news\" role=\"listitem\">\n\t\t\t<div class=\"elementor-post__card\">\n\t\t\t\t<a class=\"elementor-post__thumbnail__link\" href=\"https:\/\/steelblock.co\/es\/trump-and-floridas-real-estate-market\/\" tabindex=\"-1\" ><div class=\"elementor-post__thumbnail\"><img loading=\"lazy\" decoding=\"async\" width=\"300\" height=\"168\" src=\"https:\/\/steelblock.co\/wp-content\/uploads\/2025\/06\/Screenshot-2025-06-06-at-2.58.16\u202fPM-300x168.png\" class=\"attachment-medium size-medium wp-image-2061\" alt=\"\" srcset=\"https:\/\/steelblock.co\/wp-content\/uploads\/2025\/06\/Screenshot-2025-06-06-at-2.58.16\u202fPM-300x168.png 300w, https:\/\/steelblock.co\/wp-content\/uploads\/2025\/06\/Screenshot-2025-06-06-at-2.58.16\u202fPM-1024x575.png 1024w, https:\/\/steelblock.co\/wp-content\/uploads\/2025\/06\/Screenshot-2025-06-06-at-2.58.16\u202fPM-768x431.png 768w, https:\/\/steelblock.co\/wp-content\/uploads\/2025\/06\/Screenshot-2025-06-06-at-2.58.16\u202fPM.png 1314w\" sizes=\"(max-width: 300px) 100vw, 300px\" \/><\/div><\/a>\n\t\t\t\t<div class=\"elementor-post__text\">\n\t\t\t\t<h1 class=\"elementor-post__title\">\n\t\t\t<a href=\"https:\/\/steelblock.co\/es\/trump-and-floridas-real-estate-market\/\" >\n\t\t\t\tTrump y el mercado inmobiliario de Florida\t\t\t<\/a>\n\t\t<\/h1>\n\t\t\t\t<div class=\"elementor-post__excerpt\">\n\t\t\t<p>C\u00f3mo la nueva administraci\u00f3n podr\u00eda definir las oportunidades \u2014y los riesgos\u2014 para el sector inmobiliario de la regi\u00f3n. Tras unas elecciones presidenciales cruciales para el mercado inmobiliario, Donald Trump regresar\u00e1 a la Casa Blanca.<\/p>\n\t\t<\/div>\n\t\t\t\t\t<div class=\"elementor-post__read-more-wrapper\">\n\t\t\n\t\t<a class=\"elementor-post__read-more\" href=\"https:\/\/steelblock.co\/es\/trump-and-floridas-real-estate-market\/\" aria-label=\"Read more about Trump and Florida\u2019s Real Estate Market\" tabindex=\"-1\" >\n\t\t\tLeer M\u00e1s\t\t<\/a>\n\n\t\t\t\t\t<\/div>\n\t\t\t\t<\/div>\n\t\t\t\t<div class=\"elementor-post__meta-data\">\n\t\t\t\t\t<span class=\"elementor-post-date\">\n\t\t\t6 de junio 2025\t\t<\/span>\n\t\t\t\t<\/div>\n\t\t\t\t\t<\/div>\n\t\t<\/article>\n\t\t\t\t<article class=\"elementor-post elementor-grid-item post-979 post type-post status-publish format-standard has-post-thumbnail hentry category-news\" role=\"listitem\">\n\t\t\t<div class=\"elementor-post__card\">\n\t\t\t\t<a class=\"elementor-post__thumbnail__link\" href=\"https:\/\/steelblock.co\/es\/aprueban-500-millones-de-dolares-para-realizar-un-distrito-de-entretenimiento-deportivo-en-el-centro-de-orlando\/\" tabindex=\"-1\" ><div class=\"elementor-post__thumbnail\"><img loading=\"lazy\" decoding=\"async\" width=\"300\" height=\"169\" src=\"https:\/\/steelblock.co\/wp-content\/uploads\/2025\/05\/entretenimiento-deportivo-300x169.png\" class=\"attachment-medium size-medium wp-image-983\" alt=\"\" srcset=\"https:\/\/steelblock.co\/wp-content\/uploads\/2025\/05\/entretenimiento-deportivo-300x169.png 300w, https:\/\/steelblock.co\/wp-content\/uploads\/2025\/05\/entretenimiento-deportivo-1024x578.png 1024w, https:\/\/steelblock.co\/wp-content\/uploads\/2025\/05\/entretenimiento-deportivo-768x434.png 768w, https:\/\/steelblock.co\/wp-content\/uploads\/2025\/05\/entretenimiento-deportivo.png 1314w\" sizes=\"(max-width: 300px) 100vw, 300px\" \/><\/div><\/a>\n\t\t\t\t<div class=\"elementor-post__text\">\n\t\t\t\t<h1 class=\"elementor-post__title\">\n\t\t\t<a href=\"https:\/\/steelblock.co\/es\/aprueban-500-millones-de-dolares-para-realizar-un-distrito-de-entretenimiento-deportivo-en-el-centro-de-orlando\/\" >\n\t\t\t\tSe aprobaron 500 millones de d\u00f3lares para el desarrollo de un distrito deportivo y de entretenimiento en el centro de Orlando.\t\t\t<\/a>\n\t\t<\/h1>\n\t\t\t\t<div class=\"elementor-post__excerpt\">\n\t\t\t<p>Orlando, ciudad l\u00edder en la organizaci\u00f3n de grandes eventos, se suma a la creciente tendencia de crear centros deportivos y de entretenimiento dentro de los centros urbanos. Las autoridades municipales han aprobado planes para la remodelaci\u00f3n de un...<\/p>\n\t\t<\/div>\n\t\t\t\t\t<div class=\"elementor-post__read-more-wrapper\">\n\t\t\n\t\t<a class=\"elementor-post__read-more\" href=\"https:\/\/steelblock.co\/es\/aprueban-500-millones-de-dolares-para-realizar-un-distrito-de-entretenimiento-deportivo-en-el-centro-de-orlando\/\" aria-label=\"Read more about $500 million approved for the development of a sports and entertainment district in downtown Orlando.\" tabindex=\"-1\" >\n\t\t\tLeer M\u00e1s\t\t<\/a>\n\n\t\t\t\t\t<\/div>\n\t\t\t\t<\/div>\n\t\t\t\t<div class=\"elementor-post__meta-data\">\n\t\t\t\t\t<span class=\"elementor-post-date\">\n\t\t\tmayo 17, 2025\t\t<\/span>\n\t\t\t\t<\/div>\n\t\t\t\t\t<\/div>\n\t\t<\/article>\n\t\t\t\t<article class=\"elementor-post elementor-grid-item post-952 post type-post status-publish format-standard has-post-thumbnail hentry category-news\" role=\"listitem\">\n\t\t\t<div class=\"elementor-post__card\">\n\t\t\t\t<a class=\"elementor-post__thumbnail__link\" href=\"https:\/\/steelblock.co\/es\/inversion-de-mas-de-2-mil-700-millones-de-dolares-para-proteger-los-bienes-inmobiliarios-de-miami-de-inundaciones-catastroficas\/\" tabindex=\"-1\" ><div class=\"elementor-post__thumbnail\"><img loading=\"lazy\" decoding=\"async\" width=\"300\" height=\"168\" src=\"https:\/\/steelblock.co\/wp-content\/uploads\/2025\/05\/inversion-300x168.png\" class=\"attachment-medium size-medium wp-image-957\" alt=\"\" srcset=\"https:\/\/steelblock.co\/wp-content\/uploads\/2025\/05\/inversion-300x168.png 300w, https:\/\/steelblock.co\/wp-content\/uploads\/2025\/05\/inversion-1024x572.png 1024w, https:\/\/steelblock.co\/wp-content\/uploads\/2025\/05\/inversion-768x429.png 768w, https:\/\/steelblock.co\/wp-content\/uploads\/2025\/05\/inversion.png 1310w\" sizes=\"(max-width: 300px) 100vw, 300px\" \/><\/div><\/a>\n\t\t\t\t<div class=\"elementor-post__text\">\n\t\t\t\t<h1 class=\"elementor-post__title\">\n\t\t\t<a href=\"https:\/\/steelblock.co\/es\/inversion-de-mas-de-2-mil-700-millones-de-dolares-para-proteger-los-bienes-inmobiliarios-de-miami-de-inundaciones-catastroficas\/\" >\n\t\t\t\tM\u00e1s de $2.7 mil millones de inversi\u00f3n para proteger el patrimonio inmobiliario de Miami de inundaciones catastr\u00f3ficas.\t\t\t<\/a>\n\t\t<\/h1>\n\t\t\t\t<div class=\"elementor-post__excerpt\">\n\t\t\t<p>Con el inicio del verano y la llegada de las fuertes lluvias, los residentes de Florida comienzan a prepararse para la temporada de huracanes. Por eso, las autoridades del condado y el Cuerpo de Ingenieros del Ej\u00e9rcito de los EE. UU. est\u00e1n ultimando un plan de $2.7<\/p>\n\t\t<\/div>\n\t\t\t\t\t<div class=\"elementor-post__read-more-wrapper\">\n\t\t\n\t\t<a class=\"elementor-post__read-more\" href=\"https:\/\/steelblock.co\/es\/inversion-de-mas-de-2-mil-700-millones-de-dolares-para-proteger-los-bienes-inmobiliarios-de-miami-de-inundaciones-catastroficas\/\" aria-label=\"Read more about Over $2.7 billion investment to protect Miami\u2019s real estate from catastrophic flooding.\" tabindex=\"-1\" >\n\t\t\tLeer M\u00e1s\t\t<\/a>\n\n\t\t\t\t\t<\/div>\n\t\t\t\t<\/div>\n\t\t\t\t<div class=\"elementor-post__meta-data\">\n\t\t\t\t\t<span class=\"elementor-post-date\">\n\t\t\tmayo 17, 2025\t\t<\/span>\n\t\t\t\t<\/div>\n\t\t\t\t\t<\/div>\n\t\t<\/article>\n\t\t\t\t<\/div>\n\t\t\n\t\t\t\t\t\t<\/div>\n\t\t\t\t<\/div>\n\t\t\t\t\t<\/div>\n\t\t\t\t<\/div>\n\t\t<div class=\"elementor-element elementor-element-a286209 e-flex e-con-boxed e-con e-parent\" data-id=\"a286209\" data-element_type=\"container\" data-settings=\"{&quot;background_background&quot;:&quot;classic&quot;}\">\n\t\t\t\t\t<div class=\"e-con-inner\">\n\t\t\t\t<div class=\"elementor-element elementor-element-eb1107e elementor-widget elementor-widget-spacer\" data-id=\"eb1107e\" data-element_type=\"widget\" data-widget_type=\"spacer.default\">\n\t\t\t\t<div class=\"elementor-widget-container\">\n\t\t\t\t\t\t\t<div class=\"elementor-spacer\">\n\t\t\t<div class=\"elementor-spacer-inner\"><\/div>\n\t\t<\/div>\n\t\t\t\t\t\t<\/div>\n\t\t\t\t<\/div>\n\t\t\t\t\t<\/div>\n\t\t\t\t<\/div>\n\t\t\t\t<\/div>","protected":false},"excerpt":{"rendered":"<p>Noticias<\/p>","protected":false},"author":1,"featured_media":0,"parent":0,"menu_order":0,"comment_status":"closed","ping_status":"closed","template":"","meta":{"site-sidebar-layout":"no-sidebar","site-content-layout":"","ast-site-content-layout":"full-width-container","site-content-style":"default","site-sidebar-style":"default","ast-global-header-display":"","ast-banner-title-visibility":"","ast-main-header-display":"","ast-hfb-above-header-display":"","ast-hfb-below-header-display":"","ast-hfb-mobile-header-display":"","site-post-title":"disabled","ast-breadcrumbs-content":"","ast-featured-img":"disabled","footer-sml-layout":"","theme-transparent-header-meta":"","adv-header-id-meta":"","stick-header-meta":"","header-above-stick-meta":"","header-main-stick-meta":"","header-below-stick-meta":"","astra-migrate-meta-layouts":"default","ast-page-background-enabled":"default","ast-page-background-meta":{"desktop":{"background-color":"var(--ast-global-color-5)","background-image":"","background-repeat":"repeat","background-position":"center center","background-size":"auto","background-attachment":"scroll","background-type":"","background-media":"","overlay-type":"","overlay-color":"","overlay-opacity":"","overlay-gradient":""},"tablet":{"background-color":"","background-image":"","background-repeat":"repeat","background-position":"center center","background-size":"auto","background-attachment":"scroll","background-type":"","background-media":"","overlay-type":"","overlay-color":"","overlay-opacity":"","overlay-gradient":""},"mobile":{"background-color":"","background-image":"","background-repeat":"repeat","background-position":"center center","background-size":"auto","background-attachment":"scroll","background-type":"","background-media":"","overlay-type":"","overlay-color":"","overlay-opacity":"","overlay-gradient":""}},"ast-content-background-meta":{"desktop":{"background-color":"var(--ast-global-color-4)","background-image":"","background-repeat":"repeat","background-position":"center center","background-size":"auto","background-attachment":"scroll","background-type":"","background-media":"","overlay-type":"","overlay-color":"","overlay-opacity":"","overlay-gradient":""},"tablet":{"background-color":"var(--ast-global-color-4)","background-image":"","background-repeat":"repeat","background-position":"center center","background-size":"auto","background-attachment":"scroll","background-type":"","background-media":"","overlay-type":"","overlay-color":"","overlay-opacity":"","overlay-gradient":""},"mobile":{"background-color":"var(--ast-global-color-4)","background-image":"","background-repeat":"repeat","background-position":"center center","background-size":"auto","background-attachment":"scroll","background-type":"","background-media":"","overlay-type":"","overlay-color":"","overlay-opacity":"","overlay-gradient":""}},"footnotes":""},"class_list":["post-77","page","type-page","status-publish","hentry"],"_links":{"self":[{"href":"https:\/\/steelblock.co\/es\/wp-json\/wp\/v2\/pages\/77","targetHints":{"allow":["GET"]}}],"collection":[{"href":"https:\/\/steelblock.co\/es\/wp-json\/wp\/v2\/pages"}],"about":[{"href":"https:\/\/steelblock.co\/es\/wp-json\/wp\/v2\/types\/page"}],"author":[{"embeddable":true,"href":"https:\/\/steelblock.co\/es\/wp-json\/wp\/v2\/users\/1"}],"replies":[{"embeddable":true,"href":"https:\/\/steelblock.co\/es\/wp-json\/wp\/v2\/comments?post=77"}],"version-history":[{"count":79,"href":"https:\/\/steelblock.co\/es\/wp-json\/wp\/v2\/pages\/77\/revisions"}],"predecessor-version":[{"id":2616,"href":"https:\/\/steelblock.co\/es\/wp-json\/wp\/v2\/pages\/77\/revisions\/2616"}],"wp:attachment":[{"href":"https:\/\/steelblock.co\/es\/wp-json\/wp\/v2\/media?parent=77"}],"curies":[{"name":"wp","href":"https:\/\/api.w.org\/{rel}","templated":true}]}}